{"id":2710,"date":"2019-06-27T10:39:06","date_gmt":"2019-06-27T07:39:06","guid":{"rendered":"https:\/\/aikido-aidas.lt\/?page_id=2710"},"modified":"2025-11-03T17:10:56","modified_gmt":"2025-11-03T14:10:56","slug":"seimyniskiu-g-21b","status":"publish","type":"page","link":"https:\/\/aikido-aidas.lt\/en\/schedule\/seimyniskiu-g-21b\/","title":{"rendered":"\u0160eimyni\u0161ki\u0173 g. 21B"},"content":{"rendered":"<p><strong>D\u0117l u\u017esi\u0117mim\u0173 skambinkite: +37061618218<br \/>\narba ra\u0161ykite mums <a href=\"https:\/\/aikido-aidas.lt\/en\/contacts\/\">info@aikido-aidas.lt<\/a><\/strong><\/p>\n<p><a href=\"https:\/\/aikido-aidas.lt\/wp-content\/uploads\/2017\/08\/5.jpg\"><img fetchpriority=\"high\" decoding=\"async\" class=\"alignnone wp-image-340 size-full\" title=\"Mantas Puod\u017ei\u016bnas\" src=\"https:\/\/aikido-aidas.lt\/wp-content\/uploads\/2017\/08\/5.jpg\" alt=\"\" width=\"200\" height=\"300\" \/><\/a><\/p>\n<div><strong>Mantas Puod\u017ei\u016bnas <\/strong><br \/>\n<strong>Asociacijos prezidentas<\/strong><\/div>\n<ul>\n<li>Aikido Aikikai 4 danas;<\/li>\n<li>Ryt\u0173 kovos menus praktikuoja nuo 1989 met\u0173;<\/li>\n<li>Aikido praktikuoja nuo 1998 met\u0173;<\/li>\n<li>Lektorius, mokym\u0173 ved\u0117jas;<\/li>\n<li>Baig\u0117 Lietuvos K\u016bno Kult\u016bros Akademij\u0105;<\/li>\n<li>Kasmet dalyvauja tarptautiniuose Aikido seminaruose ir vasaros stovyklose-seminaruose;<\/li>\n<li>Reguliariai sta\u017euojasi Hombu Dodzio (Tarptautinis Aikido centras Tokijuje, Japonijoje);<\/li>\n<li>Daugelio Aikido demonstracij\u0173 organizatorius ir dalyvis;<\/li>\n<li>Aikido Aikikai asociacijos &#8220;AIDAS&#8221; steig\u0117jas.<\/li>\n<\/ul>\n<p><strong>Kontaktai:<\/strong><br \/>\nTel.: +370 650 59777<br \/>\nEl. pa\u0161tas: info@aikido-aidas.lt<\/p>\n<p><a href=\"https:\/\/aikido-aidas.lt\/wp-content\/uploads\/2021\/08\/Vytautas-scaled.jpg\"><img decoding=\"async\" class=\"alignnone size-medium wp-image-2189\" src=\"https:\/\/aikido-aidas.lt\/wp-content\/uploads\/2021\/08\/Vytautas-199x300.jpg\" alt=\"\" width=\"199\" height=\"300\" srcset=\"https:\/\/aikido-aidas.lt\/wp-content\/uploads\/2021\/08\/Vytautas-199x300.jpg 199w, https:\/\/aikido-aidas.lt\/wp-content\/uploads\/2021\/08\/Vytautas-681x1024.jpg 681w, https:\/\/aikido-aidas.lt\/wp-content\/uploads\/2021\/08\/Vytautas-768x1156.jpg 768w, https:\/\/aikido-aidas.lt\/wp-content\/uploads\/2021\/08\/Vytautas-1021x1536.jpg 1021w, https:\/\/aikido-aidas.lt\/wp-content\/uploads\/2021\/08\/Vytautas.jpg 1361w\" sizes=\"(max-width: 199px) 100vw, 199px\" \/><\/a><\/p>\n<div><strong>Vytautas Rudaitis<\/strong><\/div>\n<ul>\n<li>Aikido Aikikai 3 danas;<\/li>\n<li>Aikido praktikuoja nuo 2004 met\u0173;<\/li>\n<li>Baig\u0117 Vilniaus Gedimino Technikos Universitet\u0105 ir Vilniaus Universiteto TVM;<\/li>\n<li>Kasmet dalyvauja tarptautiniuose Aikido seminaruose ir parodomosiose programose.<\/li>\n<\/ul>\n<p><strong>Kontaktai:<\/strong><br \/>\nTel.: +37061133495<br \/>\nEl. pa\u0161tas: vytautas.rudaitis@gmail.com<\/p>\n<p><a href=\"https:\/\/aikido-aidas.lt\/wp-content\/uploads\/2018\/05\/Audrone-hakama.jpg\"><img decoding=\"async\" class=\"alignnone size-medium wp-image-1399\" src=\"https:\/\/aikido-aidas.lt\/wp-content\/uploads\/2018\/05\/Audrone-hakama-200x300.jpg\" alt=\"\" width=\"200\" height=\"300\" srcset=\"https:\/\/aikido-aidas.lt\/wp-content\/uploads\/2018\/05\/Audrone-hakama-200x300.jpg 200w, https:\/\/aikido-aidas.lt\/wp-content\/uploads\/2018\/05\/Audrone-hakama-683x1024.jpg 683w, https:\/\/aikido-aidas.lt\/wp-content\/uploads\/2018\/05\/Audrone-hakama-768x1152.jpg 768w, https:\/\/aikido-aidas.lt\/wp-content\/uploads\/2018\/05\/Audrone-hakama-1024x1536.jpg 1024w, https:\/\/aikido-aidas.lt\/wp-content\/uploads\/2018\/05\/Audrone-hakama.jpg 1365w\" sizes=\"(max-width: 200px) 100vw, 200px\" \/><\/a><\/p>\n<div><strong>Audron\u0117 Turskait\u0117<\/strong> <strong><br \/>\n<\/strong><\/div>\n<ul>\n<li>Aikido Aikikai 1 kiu;<\/li>\n<li>Aikido mokyklos &#8220;Aidas&#8221; administrator\u0117;<\/li>\n<li>Baig\u0117 Vilniaus Gedimino technikos universitet\u0105;<\/li>\n<li>Aikido praktikuoja nuo 2013 met\u0173;<\/li>\n<li>Kasmet dalyvauja tarptautiniuose seminaruose;<\/li>\n<li>Veda vaik\u0173 ir jaunimo stovyklas.<\/li>\n<\/ul>\n<p><strong>Kontaktai:<\/strong><br \/>\nTel.: +370 60697458<br \/>\nEl. pa\u0161tas: info@aikido-aidas.lt<\/p>\n<div align=\"center\">\n<div class=\"eilute\">\n<div class=\"st4\" style=\"text-align: center;\"><strong><span style=\"color: #dd3333;\">VAIK\u0172 GRUP\u0116 I<br \/>\n(pa\u017eeng\u0119)<\/span><\/strong><br \/>\n<strong>Instruktorius: Mantas<\/strong><br \/>\n<strong>Pirmadienis:<\/strong> 16:00 &#8211; 17:00<br \/>\n<strong>Tre\u010diadienis:<\/strong> 16:00 &#8211; 17:00<\/div>\n<div class=\"st4\" style=\"text-align: center;\"><strong><span style=\"color: #dd3333;\">VAIK\u0172 GRUP\u0116 II<br \/>\n(priimami naujokai)<\/span><\/strong><br \/>\n<strong>Instruktorius: Audron\u0117<\/strong><br \/>\n<strong>Pirmadienis:<\/strong> 17:00 &#8211; 18:00<br \/>\n<strong>Tre\u010diadienis:<\/strong> 17:00 &#8211; 18:00<\/div>\n<div class=\"st4\" style=\"text-align: center;\"><strong><span style=\"color: #dd3333;\">SUAUGUSI\u0172 GRUP\u0116<br \/>\n(priimami naujokai)<\/span><\/strong><br \/>\n<strong>Instruktorius: Vytautas<\/strong><br \/>\n<strong>Pirmadienis:<\/strong> 19:15 &#8211; 20:30<br \/>\n<strong>Tre\u010diadienis:<\/strong> 19:15 &#8211; 20:30<\/div>\n<div class=\"st4\" style=\"text-align: center;\"><\/div>\n<\/div>\n<\/div>\n<p><strong>Kaina:<\/strong><br \/>\n<strong>Vaik\u0173 grup\u0117 I<\/strong> 65 eur m\u0117nesiui (2 kartai per savait\u0119)<br \/>\n<strong>Vaik\u0173 grup\u0117 II<\/strong> 55 eur m\u0117nesiui (2 kartai per savait\u0119)<br \/>\n<strong>Suaugusi\u0173 grup\u0117<\/strong> 65 eur m\u0117nesiui (2 kartai per savait\u0119) 75 eur\u0173 m\u0117nesiui (neribotai)<\/p>\n<p>Turintiems NV\u0160 programos kompensacij\u0105 20 eur\u0173 ma\u017eiau.<\/p>\n","protected":false},"excerpt":{"rendered":"<p>D\u0117l u\u017esi\u0117mim\u0173 skambinkite: +37061618218 arba ra\u0161ykite mums info@aikido-aidas.lt Mantas Puod\u017ei\u016bnas Asociacijos prezidentas Aikido Aikikai 4 danas; Ryt\u0173 kovos menus praktikuoja nuo 1989 met\u0173; Aikido praktikuoja nuo 1998 met\u0173; Lektorius, mokym\u0173 ved\u0117jas; Baig\u0117 Lietuvos K\u016bno Kult\u016bros Akademij\u0105; Kasmet dalyvauja tarptautiniuose Aikido seminaruose ir vasaros stovyklose-seminaruose; Reguliariai sta\u017euojasi Hombu Dodzio (Tarptautinis Aikido centras Tokijuje, Japonijoje); Daugelio Aikido [&hellip;]<\/p>\n","protected":false},"author":2,"featured_media":0,"parent":2672,"menu_order":0,"comment_status":"closed","ping_status":"closed","template":"","meta":{"footnotes":""},"class_list":["post-2710","page","type-page","status-publish","hentry"],"yoast_head":"<!-- This site is optimized with the Yoast SEO plugin v27.5 - https:\/\/yoast.com\/product\/yoast-seo-wordpress\/ -->\n<title>\u0160eimyni\u0161ki\u0173 g. 21B | Aikido School Aidas<\/title>\n<meta name=\"robots\" content=\"index, follow, max-snippet:-1, max-image-preview:large, max-video-preview:-1\" \/>\n<link rel=\"canonical\" href=\"https:\/\/aikido-aidas.lt\/en\/schedule\/seimyniskiu-g-21b\/\" \/>\n<meta property=\"og:locale\" content=\"en_US\" \/>\n<meta property=\"og:type\" content=\"article\" \/>\n<meta property=\"og:title\" content=\"\u0160eimyni\u0161ki\u0173 g. 21B | Aikido School Aidas\" \/>\n<meta property=\"og:description\" content=\"D\u0117l u\u017esi\u0117mim\u0173 skambinkite: +37061618218 arba ra\u0161ykite mums info@aikido-aidas.lt Mantas Puod\u017ei\u016bnas Asociacijos prezidentas Aikido Aikikai 4 danas; Ryt\u0173 kovos menus praktikuoja nuo 1989 met\u0173; Aikido praktikuoja nuo 1998 met\u0173; Lektorius, mokym\u0173 ved\u0117jas; Baig\u0117 Lietuvos K\u016bno Kult\u016bros Akademij\u0105; Kasmet dalyvauja tarptautiniuose Aikido seminaruose ir vasaros stovyklose-seminaruose; Reguliariai sta\u017euojasi Hombu Dodzio (Tarptautinis Aikido centras Tokijuje, Japonijoje); Daugelio Aikido [&hellip;]\" \/>\n<meta property=\"og:url\" content=\"https:\/\/aikido-aidas.lt\/en\/schedule\/seimyniskiu-g-21b\/\" \/>\n<meta property=\"og:site_name\" content=\"Aikido School Aidas\" \/>\n<meta property=\"article:publisher\" content=\"https:\/\/www.facebook.com\/Aikido.AIDAS\" \/>\n<meta property=\"article:modified_time\" content=\"2025-11-03T14:10:56+00:00\" \/>\n<meta property=\"og:image\" content=\"https:\/\/aikido-aidas.lt\/wp-content\/uploads\/2017\/08\/5.jpg\" \/>\n<meta name=\"twitter:card\" content=\"summary_large_image\" \/>\n<script type=\"application\/ld+json\" class=\"yoast-schema-graph\">{\"@context\":\"https:\\\/\\\/schema.org\",\"@graph\":[{\"@type\":\"WebPage\",\"@id\":\"https:\\\/\\\/aikido-aidas.lt\\\/en\\\/schedule\\\/seimyniskiu-g-21b\\\/\",\"url\":\"https:\\\/\\\/aikido-aidas.lt\\\/en\\\/schedule\\\/seimyniskiu-g-21b\\\/\",\"name\":\"\u0160eimyni\u0161ki\u0173 g. 21B | Aikido School Aidas\",\"isPartOf\":{\"@id\":\"https:\\\/\\\/aikido-aidas.lt\\\/en\\\/#website\"},\"primaryImageOfPage\":{\"@id\":\"https:\\\/\\\/aikido-aidas.lt\\\/en\\\/schedule\\\/seimyniskiu-g-21b\\\/#primaryimage\"},\"image\":{\"@id\":\"https:\\\/\\\/aikido-aidas.lt\\\/en\\\/schedule\\\/seimyniskiu-g-21b\\\/#primaryimage\"},\"thumbnailUrl\":\"https:\\\/\\\/aikido-aidas.lt\\\/wp-content\\\/uploads\\\/2017\\\/08\\\/5.jpg\",\"datePublished\":\"2019-06-27T07:39:06+00:00\",\"dateModified\":\"2025-11-03T14:10:56+00:00\",\"breadcrumb\":{\"@id\":\"https:\\\/\\\/aikido-aidas.lt\\\/en\\\/schedule\\\/seimyniskiu-g-21b\\\/#breadcrumb\"},\"inLanguage\":\"en-US\",\"potentialAction\":[{\"@type\":\"ReadAction\",\"target\":[\"https:\\\/\\\/aikido-aidas.lt\\\/en\\\/schedule\\\/seimyniskiu-g-21b\\\/\"]}]},{\"@type\":\"ImageObject\",\"inLanguage\":\"en-US\",\"@id\":\"https:\\\/\\\/aikido-aidas.lt\\\/en\\\/schedule\\\/seimyniskiu-g-21b\\\/#primaryimage\",\"url\":\"https:\\\/\\\/aikido-aidas.lt\\\/wp-content\\\/uploads\\\/2017\\\/08\\\/5.jpg\",\"contentUrl\":\"https:\\\/\\\/aikido-aidas.lt\\\/wp-content\\\/uploads\\\/2017\\\/08\\\/5.jpg\"},{\"@type\":\"BreadcrumbList\",\"@id\":\"https:\\\/\\\/aikido-aidas.lt\\\/en\\\/schedule\\\/seimyniskiu-g-21b\\\/#breadcrumb\",\"itemListElement\":[{\"@type\":\"ListItem\",\"position\":1,\"name\":\"Home\",\"item\":\"https:\\\/\\\/aikido-aidas.lt\\\/en\\\/\"},{\"@type\":\"ListItem\",\"position\":2,\"name\":\"Schedule\",\"item\":\"https:\\\/\\\/aikido-aidas.lt\\\/en\\\/tvarkarastis\\\/\"},{\"@type\":\"ListItem\",\"position\":3,\"name\":\"\u0160eimyni\u0161ki\u0173 g. 21B\"}]},{\"@type\":\"WebSite\",\"@id\":\"https:\\\/\\\/aikido-aidas.lt\\\/en\\\/#website\",\"url\":\"https:\\\/\\\/aikido-aidas.lt\\\/en\\\/\",\"name\":\"Aikido mokykla Aidas\",\"description\":\"\\\"Formation of a completely harmonious personality through intensive and deep assimilation of the technical arsenal of Aikido, cultivating a benevolent atmosphere and respect for the partner.\\\"\",\"publisher\":{\"@id\":\"https:\\\/\\\/aikido-aidas.lt\\\/en\\\/#organization\"},\"potentialAction\":[{\"@type\":\"SearchAction\",\"target\":{\"@type\":\"EntryPoint\",\"urlTemplate\":\"https:\\\/\\\/aikido-aidas.lt\\\/en\\\/?s={search_term_string}\"},\"query-input\":{\"@type\":\"PropertyValueSpecification\",\"valueRequired\":true,\"valueName\":\"search_term_string\"}}],\"inLanguage\":\"en-US\"},{\"@type\":\"Organization\",\"@id\":\"https:\\\/\\\/aikido-aidas.lt\\\/en\\\/#organization\",\"name\":\"Aikido aikikai school Aidas\",\"url\":\"https:\\\/\\\/aikido-aidas.lt\\\/en\\\/\",\"logo\":{\"@type\":\"ImageObject\",\"inLanguage\":\"en-US\",\"@id\":\"https:\\\/\\\/aikido-aidas.lt\\\/en\\\/#\\\/schema\\\/logo\\\/image\\\/\",\"url\":\"https:\\\/\\\/aikido-aidas.lt\\\/wp-content\\\/uploads\\\/2017\\\/07\\\/cropped-cropped-cropped-logo6-1-2.png\",\"contentUrl\":\"https:\\\/\\\/aikido-aidas.lt\\\/wp-content\\\/uploads\\\/2017\\\/07\\\/cropped-cropped-cropped-logo6-1-2.png\",\"width\":240,\"height\":250,\"caption\":\"Aikido aikikai school Aidas\"},\"image\":{\"@id\":\"https:\\\/\\\/aikido-aidas.lt\\\/en\\\/#\\\/schema\\\/logo\\\/image\\\/\"},\"sameAs\":[\"https:\\\/\\\/www.facebook.com\\\/Aikido.AIDAS\",\"https:\\\/\\\/www.youtube.com\\\/user\\\/aikikailt\"]}]}<\/script>\n<!-- \/ Yoast SEO plugin. -->","yoast_head_json":{"title":"\u0160eimyni\u0161ki\u0173 g. 21B | Aikido School Aidas","robots":{"index":"index","follow":"follow","max-snippet":"max-snippet:-1","max-image-preview":"max-image-preview:large","max-video-preview":"max-video-preview:-1"},"canonical":"https:\/\/aikido-aidas.lt\/en\/schedule\/seimyniskiu-g-21b\/","og_locale":"en_US","og_type":"article","og_title":"\u0160eimyni\u0161ki\u0173 g. 21B | Aikido School Aidas","og_description":"D\u0117l u\u017esi\u0117mim\u0173 skambinkite: +37061618218 arba ra\u0161ykite mums info@aikido-aidas.lt Mantas Puod\u017ei\u016bnas Asociacijos prezidentas Aikido Aikikai 4 danas; Ryt\u0173 kovos menus praktikuoja nuo 1989 met\u0173; Aikido praktikuoja nuo 1998 met\u0173; Lektorius, mokym\u0173 ved\u0117jas; Baig\u0117 Lietuvos K\u016bno Kult\u016bros Akademij\u0105; Kasmet dalyvauja tarptautiniuose Aikido seminaruose ir vasaros stovyklose-seminaruose; Reguliariai sta\u017euojasi Hombu Dodzio (Tarptautinis Aikido centras Tokijuje, Japonijoje); Daugelio Aikido [&hellip;]","og_url":"https:\/\/aikido-aidas.lt\/en\/schedule\/seimyniskiu-g-21b\/","og_site_name":"Aikido School Aidas","article_publisher":"https:\/\/www.facebook.com\/Aikido.AIDAS","article_modified_time":"2025-11-03T14:10:56+00:00","og_image":[{"url":"https:\/\/aikido-aidas.lt\/wp-content\/uploads\/2017\/08\/5.jpg","type":"","width":"","height":""}],"twitter_card":"summary_large_image","schema":{"@context":"https:\/\/schema.org","@graph":[{"@type":"WebPage","@id":"https:\/\/aikido-aidas.lt\/en\/schedule\/seimyniskiu-g-21b\/","url":"https:\/\/aikido-aidas.lt\/en\/schedule\/seimyniskiu-g-21b\/","name":"\u0160eimyni\u0161ki\u0173 g. 21B | Aikido School Aidas","isPartOf":{"@id":"https:\/\/aikido-aidas.lt\/en\/#website"},"primaryImageOfPage":{"@id":"https:\/\/aikido-aidas.lt\/en\/schedule\/seimyniskiu-g-21b\/#primaryimage"},"image":{"@id":"https:\/\/aikido-aidas.lt\/en\/schedule\/seimyniskiu-g-21b\/#primaryimage"},"thumbnailUrl":"https:\/\/aikido-aidas.lt\/wp-content\/uploads\/2017\/08\/5.jpg","datePublished":"2019-06-27T07:39:06+00:00","dateModified":"2025-11-03T14:10:56+00:00","breadcrumb":{"@id":"https:\/\/aikido-aidas.lt\/en\/schedule\/seimyniskiu-g-21b\/#breadcrumb"},"inLanguage":"en-US","potentialAction":[{"@type":"ReadAction","target":["https:\/\/aikido-aidas.lt\/en\/schedule\/seimyniskiu-g-21b\/"]}]},{"@type":"ImageObject","inLanguage":"en-US","@id":"https:\/\/aikido-aidas.lt\/en\/schedule\/seimyniskiu-g-21b\/#primaryimage","url":"https:\/\/aikido-aidas.lt\/wp-content\/uploads\/2017\/08\/5.jpg","contentUrl":"https:\/\/aikido-aidas.lt\/wp-content\/uploads\/2017\/08\/5.jpg"},{"@type":"BreadcrumbList","@id":"https:\/\/aikido-aidas.lt\/en\/schedule\/seimyniskiu-g-21b\/#breadcrumb","itemListElement":[{"@type":"ListItem","position":1,"name":"Home","item":"https:\/\/aikido-aidas.lt\/en\/"},{"@type":"ListItem","position":2,"name":"Schedule","item":"https:\/\/aikido-aidas.lt\/en\/tvarkarastis\/"},{"@type":"ListItem","position":3,"name":"\u0160eimyni\u0161ki\u0173 g. 21B"}]},{"@type":"WebSite","@id":"https:\/\/aikido-aidas.lt\/en\/#website","url":"https:\/\/aikido-aidas.lt\/en\/","name":"Aikido mokykla Aidas","description":"\"Formation of a completely harmonious personality through intensive and deep assimilation of the technical arsenal of Aikido, cultivating a benevolent atmosphere and respect for the partner.\"","publisher":{"@id":"https:\/\/aikido-aidas.lt\/en\/#organization"},"potentialAction":[{"@type":"SearchAction","target":{"@type":"EntryPoint","urlTemplate":"https:\/\/aikido-aidas.lt\/en\/?s={search_term_string}"},"query-input":{"@type":"PropertyValueSpecification","valueRequired":true,"valueName":"search_term_string"}}],"inLanguage":"en-US"},{"@type":"Organization","@id":"https:\/\/aikido-aidas.lt\/en\/#organization","name":"Aikido aikikai school Aidas","url":"https:\/\/aikido-aidas.lt\/en\/","logo":{"@type":"ImageObject","inLanguage":"en-US","@id":"https:\/\/aikido-aidas.lt\/en\/#\/schema\/logo\/image\/","url":"https:\/\/aikido-aidas.lt\/wp-content\/uploads\/2017\/07\/cropped-cropped-cropped-logo6-1-2.png","contentUrl":"https:\/\/aikido-aidas.lt\/wp-content\/uploads\/2017\/07\/cropped-cropped-cropped-logo6-1-2.png","width":240,"height":250,"caption":"Aikido aikikai school Aidas"},"image":{"@id":"https:\/\/aikido-aidas.lt\/en\/#\/schema\/logo\/image\/"},"sameAs":["https:\/\/www.facebook.com\/Aikido.AIDAS","https:\/\/www.youtube.com\/user\/aikikailt"]}]}},"_links":{"self":[{"href":"https:\/\/aikido-aidas.lt\/en\/wp-json\/wp\/v2\/pages\/2710","targetHints":{"allow":["GET"]}}],"collection":[{"href":"https:\/\/aikido-aidas.lt\/en\/wp-json\/wp\/v2\/pages"}],"about":[{"href":"https:\/\/aikido-aidas.lt\/en\/wp-json\/wp\/v2\/types\/page"}],"author":[{"embeddable":true,"href":"https:\/\/aikido-aidas.lt\/en\/wp-json\/wp\/v2\/users\/2"}],"replies":[{"embeddable":true,"href":"https:\/\/aikido-aidas.lt\/en\/wp-json\/wp\/v2\/comments?post=2710"}],"version-history":[{"count":0,"href":"https:\/\/aikido-aidas.lt\/en\/wp-json\/wp\/v2\/pages\/2710\/revisions"}],"up":[{"embeddable":true,"href":"https:\/\/aikido-aidas.lt\/en\/wp-json\/wp\/v2\/pages\/2672"}],"wp:attachment":[{"href":"https:\/\/aikido-aidas.lt\/en\/wp-json\/wp\/v2\/media?parent=2710"}],"curies":[{"name":"wp","href":"https:\/\/api.w.org\/{rel}","templated":true}]}}