{"id":2679,"date":"2017-08-28T21:41:32","date_gmt":"2017-08-28T18:41:32","guid":{"rendered":"https:\/\/aikido-aidas.lt\/?page_id=2679"},"modified":"2022-09-27T11:58:28","modified_gmt":"2022-09-27T08:58:28","slug":"aikido-adult-group-schedule","status":"publish","type":"page","link":"https:\/\/aikido-aidas.lt\/en\/aikido-adult-group-schedule\/","title":{"rendered":"Aikido adult group schedule"},"content":{"rendered":"<p><strong>Vytautas the Great University, Student\u0173 st. 45, central hall<\/strong><\/p>\n<p>Tuesdays and Thursdays 18:00 &#8211; 19:15<\/p>\n<p><strong>Vilnius College of Technology and Design, Oland\u0173 str. 16<\/strong><\/p>\n<p>Mondays and Wednesdays 19:30 &#8211; 20:45<\/p>\n<p>Seimyni\u0161kiu str. 21B<\/p>\n<p>Mondays and Wednesdays 19:15 &#8211; 20:30<\/p>\n","protected":false},"excerpt":{"rendered":"<p>Vytautas the Great University, Student\u0173 st. 45, central hall Tuesdays and Thursdays 18:00 &#8211; 19:15 Vilnius College of Technology and Design, Oland\u0173 str. 16 Mondays and Wednesdays 19:30 &#8211; 20:45 Seimyni\u0161kiu str. 21B Mondays and Wednesdays 19:15 &#8211; 20:30<\/p>\n","protected":false},"author":3,"featured_media":0,"parent":0,"menu_order":0,"comment_status":"closed","ping_status":"closed","template":"","meta":{"footnotes":""},"class_list":["post-2679","page","type-page","status-publish","hentry"],"yoast_head":"<!-- This site is optimized with the Yoast SEO plugin v27.3 - https:\/\/yoast.com\/product\/yoast-seo-wordpress\/ -->\n<title>Aikido adult group schedule | Aikido School Aidas<\/title>\n<meta name=\"robots\" content=\"index, follow, max-snippet:-1, max-image-preview:large, max-video-preview:-1\" \/>\n<link rel=\"canonical\" href=\"https:\/\/aikido-aidas.lt\/en\/aikido-adult-group-schedule\/\" \/>\n<meta property=\"og:locale\" content=\"en_US\" \/>\n<meta property=\"og:type\" content=\"article\" \/>\n<meta property=\"og:title\" content=\"Aikido adult group schedule | Aikido School Aidas\" \/>\n<meta property=\"og:description\" content=\"Vytautas the Great University, Student\u0173 st. 45, central hall Tuesdays and Thursdays 18:00 &#8211; 19:15 Vilnius College of Technology and Design, Oland\u0173 str. 16 Mondays and Wednesdays 19:30 &#8211; 20:45 Seimyni\u0161kiu str. 21B Mondays and Wednesdays 19:15 &#8211; 20:30\" \/>\n<meta property=\"og:url\" content=\"https:\/\/aikido-aidas.lt\/en\/aikido-adult-group-schedule\/\" \/>\n<meta property=\"og:site_name\" content=\"Aikido School Aidas\" \/>\n<meta property=\"article:publisher\" content=\"https:\/\/www.facebook.com\/Aikido.AIDAS\" \/>\n<meta property=\"article:modified_time\" content=\"2022-09-27T08:58:28+00:00\" \/>\n<meta property=\"og:image\" content=\"https:\/\/aikido-aidas.lt\/wp-content\/uploads\/2018\/04\/20160402-_58B4600.jpg\" \/>\n\t<meta property=\"og:image:width\" content=\"800\" \/>\n\t<meta property=\"og:image:height\" content=\"533\" \/>\n\t<meta property=\"og:image:type\" content=\"image\/jpeg\" \/>\n<meta name=\"twitter:card\" content=\"summary_large_image\" \/>\n<script type=\"application\/ld+json\" class=\"yoast-schema-graph\">{\"@context\":\"https:\\\/\\\/schema.org\",\"@graph\":[{\"@type\":\"WebPage\",\"@id\":\"https:\\\/\\\/aikido-aidas.lt\\\/en\\\/aikido-adult-group-schedule\\\/\",\"url\":\"https:\\\/\\\/aikido-aidas.lt\\\/en\\\/aikido-adult-group-schedule\\\/\",\"name\":\"Aikido adult group schedule | Aikido School Aidas\",\"isPartOf\":{\"@id\":\"https:\\\/\\\/aikido-aidas.lt\\\/en\\\/#website\"},\"datePublished\":\"2017-08-28T18:41:32+00:00\",\"dateModified\":\"2022-09-27T08:58:28+00:00\",\"breadcrumb\":{\"@id\":\"https:\\\/\\\/aikido-aidas.lt\\\/en\\\/aikido-adult-group-schedule\\\/#breadcrumb\"},\"inLanguage\":\"en-US\",\"potentialAction\":[{\"@type\":\"ReadAction\",\"target\":[\"https:\\\/\\\/aikido-aidas.lt\\\/en\\\/aikido-adult-group-schedule\\\/\"]}]},{\"@type\":\"BreadcrumbList\",\"@id\":\"https:\\\/\\\/aikido-aidas.lt\\\/en\\\/aikido-adult-group-schedule\\\/#breadcrumb\",\"itemListElement\":[{\"@type\":\"ListItem\",\"position\":1,\"name\":\"Home\",\"item\":\"https:\\\/\\\/aikido-aidas.lt\\\/en\\\/\"},{\"@type\":\"ListItem\",\"position\":2,\"name\":\"Aikido adult group schedule\"}]},{\"@type\":\"WebSite\",\"@id\":\"https:\\\/\\\/aikido-aidas.lt\\\/en\\\/#website\",\"url\":\"https:\\\/\\\/aikido-aidas.lt\\\/en\\\/\",\"name\":\"Aikido mokykla Aidas\",\"description\":\"\\\"Formation of a completely harmonious personality through intensive and deep assimilation of the technical arsenal of Aikido, cultivating a benevolent atmosphere and respect for the partner.\\\"\",\"publisher\":{\"@id\":\"https:\\\/\\\/aikido-aidas.lt\\\/en\\\/#organization\"},\"potentialAction\":[{\"@type\":\"SearchAction\",\"target\":{\"@type\":\"EntryPoint\",\"urlTemplate\":\"https:\\\/\\\/aikido-aidas.lt\\\/en\\\/?s={search_term_string}\"},\"query-input\":{\"@type\":\"PropertyValueSpecification\",\"valueRequired\":true,\"valueName\":\"search_term_string\"}}],\"inLanguage\":\"en-US\"},{\"@type\":\"Organization\",\"@id\":\"https:\\\/\\\/aikido-aidas.lt\\\/en\\\/#organization\",\"name\":\"Aikido aikikai school Aidas\",\"url\":\"https:\\\/\\\/aikido-aidas.lt\\\/en\\\/\",\"logo\":{\"@type\":\"ImageObject\",\"inLanguage\":\"en-US\",\"@id\":\"https:\\\/\\\/aikido-aidas.lt\\\/en\\\/#\\\/schema\\\/logo\\\/image\\\/\",\"url\":\"https:\\\/\\\/aikido-aidas.lt\\\/wp-content\\\/uploads\\\/2017\\\/07\\\/cropped-cropped-cropped-logo6-1-2.png\",\"contentUrl\":\"https:\\\/\\\/aikido-aidas.lt\\\/wp-content\\\/uploads\\\/2017\\\/07\\\/cropped-cropped-cropped-logo6-1-2.png\",\"width\":240,\"height\":250,\"caption\":\"Aikido aikikai school Aidas\"},\"image\":{\"@id\":\"https:\\\/\\\/aikido-aidas.lt\\\/en\\\/#\\\/schema\\\/logo\\\/image\\\/\"},\"sameAs\":[\"https:\\\/\\\/www.facebook.com\\\/Aikido.AIDAS\",\"https:\\\/\\\/www.youtube.com\\\/user\\\/aikikailt\"]}]}<\/script>\n<!-- \/ Yoast SEO plugin. -->","yoast_head_json":{"title":"Aikido adult group schedule | Aikido School Aidas","robots":{"index":"index","follow":"follow","max-snippet":"max-snippet:-1","max-image-preview":"max-image-preview:large","max-video-preview":"max-video-preview:-1"},"canonical":"https:\/\/aikido-aidas.lt\/en\/aikido-adult-group-schedule\/","og_locale":"en_US","og_type":"article","og_title":"Aikido adult group schedule | Aikido School Aidas","og_description":"Vytautas the Great University, Student\u0173 st. 45, central hall Tuesdays and Thursdays 18:00 &#8211; 19:15 Vilnius College of Technology and Design, Oland\u0173 str. 16 Mondays and Wednesdays 19:30 &#8211; 20:45 Seimyni\u0161kiu str. 21B Mondays and Wednesdays 19:15 &#8211; 20:30","og_url":"https:\/\/aikido-aidas.lt\/en\/aikido-adult-group-schedule\/","og_site_name":"Aikido School Aidas","article_publisher":"https:\/\/www.facebook.com\/Aikido.AIDAS","article_modified_time":"2022-09-27T08:58:28+00:00","og_image":[{"width":800,"height":533,"url":"https:\/\/aikido-aidas.lt\/wp-content\/uploads\/2018\/04\/20160402-_58B4600.jpg","type":"image\/jpeg"}],"twitter_card":"summary_large_image","schema":{"@context":"https:\/\/schema.org","@graph":[{"@type":"WebPage","@id":"https:\/\/aikido-aidas.lt\/en\/aikido-adult-group-schedule\/","url":"https:\/\/aikido-aidas.lt\/en\/aikido-adult-group-schedule\/","name":"Aikido adult group schedule | Aikido School Aidas","isPartOf":{"@id":"https:\/\/aikido-aidas.lt\/en\/#website"},"datePublished":"2017-08-28T18:41:32+00:00","dateModified":"2022-09-27T08:58:28+00:00","breadcrumb":{"@id":"https:\/\/aikido-aidas.lt\/en\/aikido-adult-group-schedule\/#breadcrumb"},"inLanguage":"en-US","potentialAction":[{"@type":"ReadAction","target":["https:\/\/aikido-aidas.lt\/en\/aikido-adult-group-schedule\/"]}]},{"@type":"BreadcrumbList","@id":"https:\/\/aikido-aidas.lt\/en\/aikido-adult-group-schedule\/#breadcrumb","itemListElement":[{"@type":"ListItem","position":1,"name":"Home","item":"https:\/\/aikido-aidas.lt\/en\/"},{"@type":"ListItem","position":2,"name":"Aikido adult group schedule"}]},{"@type":"WebSite","@id":"https:\/\/aikido-aidas.lt\/en\/#website","url":"https:\/\/aikido-aidas.lt\/en\/","name":"Aikido mokykla Aidas","description":"\"Formation of a completely harmonious personality through intensive and deep assimilation of the technical arsenal of Aikido, cultivating a benevolent atmosphere and respect for the partner.\"","publisher":{"@id":"https:\/\/aikido-aidas.lt\/en\/#organization"},"potentialAction":[{"@type":"SearchAction","target":{"@type":"EntryPoint","urlTemplate":"https:\/\/aikido-aidas.lt\/en\/?s={search_term_string}"},"query-input":{"@type":"PropertyValueSpecification","valueRequired":true,"valueName":"search_term_string"}}],"inLanguage":"en-US"},{"@type":"Organization","@id":"https:\/\/aikido-aidas.lt\/en\/#organization","name":"Aikido aikikai school Aidas","url":"https:\/\/aikido-aidas.lt\/en\/","logo":{"@type":"ImageObject","inLanguage":"en-US","@id":"https:\/\/aikido-aidas.lt\/en\/#\/schema\/logo\/image\/","url":"https:\/\/aikido-aidas.lt\/wp-content\/uploads\/2017\/07\/cropped-cropped-cropped-logo6-1-2.png","contentUrl":"https:\/\/aikido-aidas.lt\/wp-content\/uploads\/2017\/07\/cropped-cropped-cropped-logo6-1-2.png","width":240,"height":250,"caption":"Aikido aikikai school Aidas"},"image":{"@id":"https:\/\/aikido-aidas.lt\/en\/#\/schema\/logo\/image\/"},"sameAs":["https:\/\/www.facebook.com\/Aikido.AIDAS","https:\/\/www.youtube.com\/user\/aikikailt"]}]}},"_links":{"self":[{"href":"https:\/\/aikido-aidas.lt\/en\/wp-json\/wp\/v2\/pages\/2679","targetHints":{"allow":["GET"]}}],"collection":[{"href":"https:\/\/aikido-aidas.lt\/en\/wp-json\/wp\/v2\/pages"}],"about":[{"href":"https:\/\/aikido-aidas.lt\/en\/wp-json\/wp\/v2\/types\/page"}],"author":[{"embeddable":true,"href":"https:\/\/aikido-aidas.lt\/en\/wp-json\/wp\/v2\/users\/3"}],"replies":[{"embeddable":true,"href":"https:\/\/aikido-aidas.lt\/en\/wp-json\/wp\/v2\/comments?post=2679"}],"version-history":[{"count":0,"href":"https:\/\/aikido-aidas.lt\/en\/wp-json\/wp\/v2\/pages\/2679\/revisions"}],"wp:attachment":[{"href":"https:\/\/aikido-aidas.lt\/en\/wp-json\/wp\/v2\/media?parent=2679"}],"curies":[{"name":"wp","href":"https:\/\/api.w.org\/{rel}","templated":true}]}}