{"id":2672,"date":"2017-07-25T23:51:57","date_gmt":"2017-07-25T20:51:57","guid":{"rendered":"https:\/\/aikido-aidas.lt\/schedule\/"},"modified":"2025-10-30T15:49:34","modified_gmt":"2025-10-30T12:49:34","slug":"schedule","status":"publish","type":"page","link":"https:\/\/aikido-aidas.lt\/en\/schedule\/","title":{"rendered":"Schedule"},"content":{"rendered":"<h5><strong>Schedule of Aikido classes in Vilnius<\/strong><\/h5>\n<p><a href=\"https:\/\/aikido-aidas.lt\/en\/schedule\/vilnius-vilniaus-kolegijos-sporto-kompleksas-centrine-sale-studentu-g-39\/\">Vilniaus kolegija &#8211; centrin\u0117 sal\u0117 Student\u0173 g. 39<\/a><br \/>\n<a href=\"https:\/\/aikido-aidas.lt\/en\/schedule\/antakalnio-g-54-prie-silo-tilto\/\">Antakalnio g. 54, prie \u0160ilo tilto<\/a><br \/>\n<a href=\"https:\/\/aikido-aidas.lt\/en\/schedule\/seimyniskiu-g-21b\/\">\u0160eimyni\u0161ki\u0173 g. 21B<\/a><br \/>\n<a href=\"https:\/\/aikido-aidas.lt\/en\/schedule\/vilnius-justiniskiu-rajonas-taikos-g-47-sietuvos-progimnazija\/\" target=\"_blank\" rel=\"noopener noreferrer\">Justini\u0161ki\u0173 rajonas, Taikos g. 47 (&#8220;Sietuvos&#8221; progimnazija)<\/a><br \/>\n<a href=\"https:\/\/aikido-aidas.lt\/en\/schedule\/vilnius-gelezinio-vilko-g-23-vilniaus-valdorfo-mokykla\/\" target=\"_blank\" rel=\"noopener noreferrer\">Gele\u017einio Vilko g. 23 (Vilniaus Valdorfo mokykla)<\/a><br \/>\n<a href=\"https:\/\/aikido-aidas.lt\/en\/schedule\/vilnius-ateities-g-44-vitlio-licejus\/\" target=\"_blank\" rel=\"noopener noreferrer\">Ateities g. 44 <\/a><br \/>\n<a href=\"https:\/\/aikido-aidas.lt\/tvarkarastis\/vilnius-gerveciu-g-4\/\" target=\"_blank\" rel=\"noopener noreferrer\">Gerv\u0117\u010diu g. 4 <\/a><br \/>\n<a href=\"https:\/\/aikido-aidas.lt\/en\/schedule\/vilnius-skirgiskes-vilniaus-valdorfo-zalioji-mokykla\/\" target=\"_blank\" rel=\"noopener noreferrer\">Skirgi\u0161k\u0117s , Vilniaus Valdorfo \u017dalioji mokykla<\/a><br \/>\n<a href=\"https:\/\/aikido-aidas.lt\/en\/vilnius-naujoji-vilnia-parko-g-67\/\">Naujoji Vilnia, Parko g. 67 (Vilniaus technologij\u0173 ir verslo profesinio mokymo centras)<\/a><\/p>\n<h5><strong>Schedule of Aikido classes in Marijampole<\/strong><\/h5>\n<p>Pramon\u0117s g. 1A<\/p>\n<h5><strong>Schedule of Aikido classes in Anyk\u0161\u010diai<br \/>\n<\/strong><\/h5>\n<p>S.Neries g. 5<\/p>\n","protected":false},"excerpt":{"rendered":"<p>Schedule of Aikido classes in Vilnius Vilniaus kolegija &#8211; centrin\u0117 sal\u0117 Student\u0173 g. 39 Antakalnio g. 54, prie \u0160ilo tilto \u0160eimyni\u0161ki\u0173 g. 21B Justini\u0161ki\u0173 rajonas, Taikos g. 47 (&#8220;Sietuvos&#8221; progimnazija) Gele\u017einio Vilko g. 23 (Vilniaus Valdorfo mokykla) Ateities g. 44 Gerv\u0117\u010diu g. 4 Skirgi\u0161k\u0117s , Vilniaus Valdorfo \u017dalioji mokykla Naujoji Vilnia, Parko g. 67 (Vilniaus [&hellip;]<\/p>\n","protected":false},"author":3,"featured_media":2586,"parent":0,"menu_order":0,"comment_status":"closed","ping_status":"closed","template":"","meta":{"footnotes":""},"class_list":["post-2672","page","type-page","status-publish","has-post-thumbnail","hentry"],"yoast_head":"<!-- This site is optimized with the Yoast SEO plugin v27.3 - https:\/\/yoast.com\/product\/yoast-seo-wordpress\/ -->\n<title>Schedule | Aikido School Aidas<\/title>\n<meta name=\"description\" content=\"Aikido school Aidas training schedules.\" \/>\n<meta name=\"robots\" content=\"index, follow, max-snippet:-1, max-image-preview:large, max-video-preview:-1\" \/>\n<link rel=\"canonical\" href=\"https:\/\/aikido-aidas.lt\/en\/schedule\/\" \/>\n<meta property=\"og:locale\" content=\"en_US\" \/>\n<meta property=\"og:type\" content=\"article\" \/>\n<meta property=\"og:title\" content=\"Schedule | Aikido School Aidas\" \/>\n<meta property=\"og:description\" content=\"Aikido school Aidas training schedules.\" \/>\n<meta property=\"og:url\" content=\"https:\/\/aikido-aidas.lt\/en\/schedule\/\" \/>\n<meta property=\"og:site_name\" content=\"Aikido School Aidas\" \/>\n<meta property=\"article:publisher\" content=\"https:\/\/www.facebook.com\/Aikido.AIDAS\" \/>\n<meta property=\"article:modified_time\" content=\"2025-10-30T12:49:34+00:00\" \/>\n<meta property=\"og:image\" content=\"https:\/\/aikido-aidas.lt\/wp-content\/uploads\/2018\/05\/IMG_7070.jpg\" \/>\n\t<meta property=\"og:image:width\" content=\"612\" \/>\n\t<meta property=\"og:image:height\" content=\"247\" \/>\n\t<meta property=\"og:image:type\" content=\"image\/jpeg\" \/>\n<meta name=\"twitter:card\" content=\"summary_large_image\" \/>\n<script type=\"application\/ld+json\" class=\"yoast-schema-graph\">{\"@context\":\"https:\\\/\\\/schema.org\",\"@graph\":[{\"@type\":\"WebPage\",\"@id\":\"https:\\\/\\\/aikido-aidas.lt\\\/en\\\/schedule\\\/\",\"url\":\"https:\\\/\\\/aikido-aidas.lt\\\/en\\\/schedule\\\/\",\"name\":\"Schedule | Aikido School Aidas\",\"isPartOf\":{\"@id\":\"https:\\\/\\\/aikido-aidas.lt\\\/en\\\/#website\"},\"primaryImageOfPage\":{\"@id\":\"https:\\\/\\\/aikido-aidas.lt\\\/en\\\/schedule\\\/#primaryimage\"},\"image\":{\"@id\":\"https:\\\/\\\/aikido-aidas.lt\\\/en\\\/schedule\\\/#primaryimage\"},\"thumbnailUrl\":\"https:\\\/\\\/aikido-aidas.lt\\\/wp-content\\\/uploads\\\/2018\\\/05\\\/IMG_7070.jpg\",\"datePublished\":\"2017-07-25T20:51:57+00:00\",\"dateModified\":\"2025-10-30T12:49:34+00:00\",\"description\":\"Aikido school Aidas training schedules.\",\"breadcrumb\":{\"@id\":\"https:\\\/\\\/aikido-aidas.lt\\\/en\\\/schedule\\\/#breadcrumb\"},\"inLanguage\":\"en-US\",\"potentialAction\":[{\"@type\":\"ReadAction\",\"target\":[\"https:\\\/\\\/aikido-aidas.lt\\\/en\\\/schedule\\\/\"]}]},{\"@type\":\"ImageObject\",\"inLanguage\":\"en-US\",\"@id\":\"https:\\\/\\\/aikido-aidas.lt\\\/en\\\/schedule\\\/#primaryimage\",\"url\":\"https:\\\/\\\/aikido-aidas.lt\\\/wp-content\\\/uploads\\\/2018\\\/05\\\/IMG_7070.jpg\",\"contentUrl\":\"https:\\\/\\\/aikido-aidas.lt\\\/wp-content\\\/uploads\\\/2018\\\/05\\\/IMG_7070.jpg\",\"width\":612,\"height\":247},{\"@type\":\"BreadcrumbList\",\"@id\":\"https:\\\/\\\/aikido-aidas.lt\\\/en\\\/schedule\\\/#breadcrumb\",\"itemListElement\":[{\"@type\":\"ListItem\",\"position\":1,\"name\":\"Home\",\"item\":\"https:\\\/\\\/aikido-aidas.lt\\\/en\\\/\"},{\"@type\":\"ListItem\",\"position\":2,\"name\":\"Schedule\"}]},{\"@type\":\"WebSite\",\"@id\":\"https:\\\/\\\/aikido-aidas.lt\\\/en\\\/#website\",\"url\":\"https:\\\/\\\/aikido-aidas.lt\\\/en\\\/\",\"name\":\"Aikido mokykla Aidas\",\"description\":\"\\\"Formation of a completely harmonious personality through intensive and deep assimilation of the technical arsenal of Aikido, cultivating a benevolent atmosphere and respect for the partner.\\\"\",\"publisher\":{\"@id\":\"https:\\\/\\\/aikido-aidas.lt\\\/en\\\/#organization\"},\"potentialAction\":[{\"@type\":\"SearchAction\",\"target\":{\"@type\":\"EntryPoint\",\"urlTemplate\":\"https:\\\/\\\/aikido-aidas.lt\\\/en\\\/?s={search_term_string}\"},\"query-input\":{\"@type\":\"PropertyValueSpecification\",\"valueRequired\":true,\"valueName\":\"search_term_string\"}}],\"inLanguage\":\"en-US\"},{\"@type\":\"Organization\",\"@id\":\"https:\\\/\\\/aikido-aidas.lt\\\/en\\\/#organization\",\"name\":\"Aikido aikikai school Aidas\",\"url\":\"https:\\\/\\\/aikido-aidas.lt\\\/en\\\/\",\"logo\":{\"@type\":\"ImageObject\",\"inLanguage\":\"en-US\",\"@id\":\"https:\\\/\\\/aikido-aidas.lt\\\/en\\\/#\\\/schema\\\/logo\\\/image\\\/\",\"url\":\"https:\\\/\\\/aikido-aidas.lt\\\/wp-content\\\/uploads\\\/2017\\\/07\\\/cropped-cropped-cropped-logo6-1-2.png\",\"contentUrl\":\"https:\\\/\\\/aikido-aidas.lt\\\/wp-content\\\/uploads\\\/2017\\\/07\\\/cropped-cropped-cropped-logo6-1-2.png\",\"width\":240,\"height\":250,\"caption\":\"Aikido aikikai school Aidas\"},\"image\":{\"@id\":\"https:\\\/\\\/aikido-aidas.lt\\\/en\\\/#\\\/schema\\\/logo\\\/image\\\/\"},\"sameAs\":[\"https:\\\/\\\/www.facebook.com\\\/Aikido.AIDAS\",\"https:\\\/\\\/www.youtube.com\\\/user\\\/aikikailt\"]}]}<\/script>\n<!-- \/ Yoast SEO plugin. -->","yoast_head_json":{"title":"Schedule | Aikido School Aidas","description":"Aikido school Aidas training schedules.","robots":{"index":"index","follow":"follow","max-snippet":"max-snippet:-1","max-image-preview":"max-image-preview:large","max-video-preview":"max-video-preview:-1"},"canonical":"https:\/\/aikido-aidas.lt\/en\/schedule\/","og_locale":"en_US","og_type":"article","og_title":"Schedule | Aikido School Aidas","og_description":"Aikido school Aidas training schedules.","og_url":"https:\/\/aikido-aidas.lt\/en\/schedule\/","og_site_name":"Aikido School Aidas","article_publisher":"https:\/\/www.facebook.com\/Aikido.AIDAS","article_modified_time":"2025-10-30T12:49:34+00:00","og_image":[{"width":612,"height":247,"url":"https:\/\/aikido-aidas.lt\/wp-content\/uploads\/2018\/05\/IMG_7070.jpg","type":"image\/jpeg"}],"twitter_card":"summary_large_image","schema":{"@context":"https:\/\/schema.org","@graph":[{"@type":"WebPage","@id":"https:\/\/aikido-aidas.lt\/en\/schedule\/","url":"https:\/\/aikido-aidas.lt\/en\/schedule\/","name":"Schedule | Aikido School Aidas","isPartOf":{"@id":"https:\/\/aikido-aidas.lt\/en\/#website"},"primaryImageOfPage":{"@id":"https:\/\/aikido-aidas.lt\/en\/schedule\/#primaryimage"},"image":{"@id":"https:\/\/aikido-aidas.lt\/en\/schedule\/#primaryimage"},"thumbnailUrl":"https:\/\/aikido-aidas.lt\/wp-content\/uploads\/2018\/05\/IMG_7070.jpg","datePublished":"2017-07-25T20:51:57+00:00","dateModified":"2025-10-30T12:49:34+00:00","description":"Aikido school Aidas training schedules.","breadcrumb":{"@id":"https:\/\/aikido-aidas.lt\/en\/schedule\/#breadcrumb"},"inLanguage":"en-US","potentialAction":[{"@type":"ReadAction","target":["https:\/\/aikido-aidas.lt\/en\/schedule\/"]}]},{"@type":"ImageObject","inLanguage":"en-US","@id":"https:\/\/aikido-aidas.lt\/en\/schedule\/#primaryimage","url":"https:\/\/aikido-aidas.lt\/wp-content\/uploads\/2018\/05\/IMG_7070.jpg","contentUrl":"https:\/\/aikido-aidas.lt\/wp-content\/uploads\/2018\/05\/IMG_7070.jpg","width":612,"height":247},{"@type":"BreadcrumbList","@id":"https:\/\/aikido-aidas.lt\/en\/schedule\/#breadcrumb","itemListElement":[{"@type":"ListItem","position":1,"name":"Home","item":"https:\/\/aikido-aidas.lt\/en\/"},{"@type":"ListItem","position":2,"name":"Schedule"}]},{"@type":"WebSite","@id":"https:\/\/aikido-aidas.lt\/en\/#website","url":"https:\/\/aikido-aidas.lt\/en\/","name":"Aikido mokykla Aidas","description":"\"Formation of a completely harmonious personality through intensive and deep assimilation of the technical arsenal of Aikido, cultivating a benevolent atmosphere and respect for the partner.\"","publisher":{"@id":"https:\/\/aikido-aidas.lt\/en\/#organization"},"potentialAction":[{"@type":"SearchAction","target":{"@type":"EntryPoint","urlTemplate":"https:\/\/aikido-aidas.lt\/en\/?s={search_term_string}"},"query-input":{"@type":"PropertyValueSpecification","valueRequired":true,"valueName":"search_term_string"}}],"inLanguage":"en-US"},{"@type":"Organization","@id":"https:\/\/aikido-aidas.lt\/en\/#organization","name":"Aikido aikikai school Aidas","url":"https:\/\/aikido-aidas.lt\/en\/","logo":{"@type":"ImageObject","inLanguage":"en-US","@id":"https:\/\/aikido-aidas.lt\/en\/#\/schema\/logo\/image\/","url":"https:\/\/aikido-aidas.lt\/wp-content\/uploads\/2017\/07\/cropped-cropped-cropped-logo6-1-2.png","contentUrl":"https:\/\/aikido-aidas.lt\/wp-content\/uploads\/2017\/07\/cropped-cropped-cropped-logo6-1-2.png","width":240,"height":250,"caption":"Aikido aikikai school Aidas"},"image":{"@id":"https:\/\/aikido-aidas.lt\/en\/#\/schema\/logo\/image\/"},"sameAs":["https:\/\/www.facebook.com\/Aikido.AIDAS","https:\/\/www.youtube.com\/user\/aikikailt"]}]}},"_links":{"self":[{"href":"https:\/\/aikido-aidas.lt\/en\/wp-json\/wp\/v2\/pages\/2672","targetHints":{"allow":["GET"]}}],"collection":[{"href":"https:\/\/aikido-aidas.lt\/en\/wp-json\/wp\/v2\/pages"}],"about":[{"href":"https:\/\/aikido-aidas.lt\/en\/wp-json\/wp\/v2\/types\/page"}],"author":[{"embeddable":true,"href":"https:\/\/aikido-aidas.lt\/en\/wp-json\/wp\/v2\/users\/3"}],"replies":[{"embeddable":true,"href":"https:\/\/aikido-aidas.lt\/en\/wp-json\/wp\/v2\/comments?post=2672"}],"version-history":[{"count":0,"href":"https:\/\/aikido-aidas.lt\/en\/wp-json\/wp\/v2\/pages\/2672\/revisions"}],"wp:featuredmedia":[{"embeddable":true,"href":"https:\/\/aikido-aidas.lt\/en\/wp-json\/wp\/v2\/media\/2586"}],"wp:attachment":[{"href":"https:\/\/aikido-aidas.lt\/en\/wp-json\/wp\/v2\/media?parent=2672"}],"curies":[{"name":"wp","href":"https:\/\/api.w.org\/{rel}","templated":true}]}}