{"id":2665,"date":"2017-07-15T11:16:55","date_gmt":"2017-07-15T08:16:55","guid":{"rendered":"https:\/\/aikido-aidas.lt\/contacts\/"},"modified":"2025-11-12T11:57:41","modified_gmt":"2025-11-12T08:57:41","slug":"contacts","status":"publish","type":"page","link":"https:\/\/aikido-aidas.lt\/en\/contacts\/","title":{"rendered":"Contacts"},"content":{"rendered":"<style>.elementor-2665 .elementor-element.elementor-element-d5290a9:not(.elementor-motion-effects-element-type-background) > .elementor-widget-wrap, .elementor-2665 .elementor-element.elementor-element-d5290a9 > .elementor-widget-wrap > .elementor-motion-effects-container > .elementor-motion-effects-layer{background-color:#F8F8F8;}.elementor-2665 .elementor-element.elementor-element-d5290a9 > .elementor-element-populated{transition:background 0.3s, border 0.3s, border-radius 0.3s, box-shadow 0.3s;padding:20px 20px 20px 20px;}.elementor-2665 .elementor-element.elementor-element-d5290a9 > .elementor-element-populated > .elementor-background-overlay{transition:background 0.3s, border-radius 0.3s, opacity 0.3s;}.elementor-2665 .elementor-element.elementor-element-f655c29{columns:2;font-family:var( --e-global-typography-accent-font-family ), Sans-serif;font-size:var( --e-global-typography-accent-font-size );font-weight:var( --e-global-typography-accent-font-weight );text-transform:var( --e-global-typography-accent-text-transform );font-style:var( --e-global-typography-accent-font-style );text-decoration:var( --e-global-typography-accent-text-decoration );width:auto;max-width:auto;}.elementor-2665 .elementor-element.elementor-element-bd38f60:not(.elementor-motion-effects-element-type-background) > .elementor-widget-wrap, .elementor-2665 .elementor-element.elementor-element-bd38f60 > .elementor-widget-wrap > .elementor-motion-effects-container > .elementor-motion-effects-layer{background-color:#EEEEEE;}.elementor-2665 .elementor-element.elementor-element-bd38f60 > .elementor-element-populated{transition:background 0.3s, border 0.3s, border-radius 0.3s, box-shadow 0.3s;padding:20px 20px 20px 20px;}.elementor-2665 .elementor-element.elementor-element-bd38f60 > .elementor-element-populated > .elementor-background-overlay{transition:background 0.3s, border-radius 0.3s, opacity 0.3s;}.elementor-2665 .elementor-element.elementor-element-15b88e5{columns:2;font-family:var( --e-global-typography-accent-font-family ), Sans-serif;font-size:var( --e-global-typography-accent-font-size );font-weight:var( --e-global-typography-accent-font-weight );text-transform:var( --e-global-typography-accent-text-transform );font-style:var( --e-global-typography-accent-font-style );text-decoration:var( --e-global-typography-accent-text-decoration );width:auto;max-width:auto;}.elementor-2665 .elementor-element.elementor-element-1b5af54{transition:background 0.3s, border 0.3s, border-radius 0.3s, box-shadow 0.3s;margin-top:50px;margin-bottom:50px;}.elementor-2665 .elementor-element.elementor-element-1b5af54 > .elementor-background-overlay{transition:background 0.3s, border-radius 0.3s, opacity 0.3s;}.elementor-2665 .elementor-element.elementor-element-1066180:not(.elementor-motion-effects-element-type-background) > .elementor-widget-wrap, .elementor-2665 .elementor-element.elementor-element-1066180 > .elementor-widget-wrap > .elementor-motion-effects-container > .elementor-motion-effects-layer{background-color:#F8F8F8;}.elementor-2665 .elementor-element.elementor-element-1066180 > .elementor-element-populated{transition:background 0.3s, border 0.3s, border-radius 0.3s, box-shadow 0.3s;padding:20px 20px 20px 20px;}.elementor-2665 .elementor-element.elementor-element-1066180 > .elementor-element-populated > .elementor-background-overlay{transition:background 0.3s, border-radius 0.3s, opacity 0.3s;}.elementor-2665 .elementor-element.elementor-element-49b2968 > .elementor-widget-container{padding:15px 15px 15px 15px;}.elementor-2665 .elementor-element.elementor-element-64e454d:not(.elementor-motion-effects-element-type-background) > .elementor-widget-wrap, .elementor-2665 .elementor-element.elementor-element-64e454d > .elementor-widget-wrap > .elementor-motion-effects-container > .elementor-motion-effects-layer{background-color:#EEEEEE;}.elementor-2665 .elementor-element.elementor-element-64e454d > .elementor-element-populated{transition:background 0.3s, border 0.3s, border-radius 0.3s, box-shadow 0.3s;padding:20px 20px 20px 20px;}.elementor-2665 .elementor-element.elementor-element-64e454d > .elementor-element-populated > .elementor-background-overlay{transition:background 0.3s, border-radius 0.3s, opacity 0.3s;}.elementor-2665 .elementor-element.elementor-element-6b048ac > .elementor-widget-container{padding:15px 15px 15px 15px;}@media(min-width:768px){.elementor-2665 .elementor-element.elementor-element-d5290a9{width:50%;}.elementor-2665 .elementor-element.elementor-element-bd38f60{width:50%;}}@media(max-width:1024px){.elementor-2665 .elementor-element.elementor-element-f655c29{font-size:var( --e-global-typography-accent-font-size );}.elementor-2665 .elementor-element.elementor-element-15b88e5{font-size:var( --e-global-typography-accent-font-size );}}@media(max-width:767px){.elementor-2665 .elementor-element.elementor-element-f655c29{font-size:var( --e-global-typography-accent-font-size );}.elementor-2665 .elementor-element.elementor-element-15b88e5{font-size:var( --e-global-typography-accent-font-size );}}<\/style>\t\t<div data-elementor-type=\"wp-page\" data-elementor-id=\"2665\" class=\"elementor elementor-2665 elementor-8\" data-elementor-post-type=\"page\">\n\t\t\t\t\t\t<section class=\"elementor-section elementor-top-section elementor-element elementor-element-69df65f elementor-section-boxed elementor-section-height-default elementor-section-height-default\" data-id=\"69df65f\" data-element_type=\"section\" data-e-type=\"section\">\n\t\t\t\t\t\t<div class=\"elementor-container elementor-column-gap-default\">\n\t\t\t\t\t<div class=\"elementor-column elementor-col-50 elementor-top-column elementor-element elementor-element-d5290a9\" data-id=\"d5290a9\" data-element_type=\"column\" data-e-type=\"column\" data-settings=\"{&quot;background_background&quot;:&quot;classic&quot;}\">\n\t\t\t<div class=\"elementor-widget-wrap elementor-element-populated\">\n\t\t\t\t\t\t<div class=\"elementor-element elementor-element-f655c29 elementor-widget__width-auto elementor-widget elementor-widget-text-editor\" data-id=\"f655c29\" data-element_type=\"widget\" data-e-type=\"widget\" data-widget_type=\"text-editor.default\">\n\t\t\t\t<div class=\"elementor-widget-container\">\n\t\t\t\t\t\t\t\t\t<p><img fetchpriority=\"high\" decoding=\"async\" class=\"alignnone size-medium\" src=\"https:\/\/aikido-aidas.lt\/wp-content\/uploads\/2017\/08\/5.jpg\" width=\"200\" height=\"300\" \/><\/p>\n<p><strong>President<\/strong><br \/><strong>Mantas Puod\u017ei\u016bnas<\/strong><br \/>Tel.: +370 650 59777<br \/>Email: info@aikido-aidas.lt<\/p>\n\t\t\t\t\t\t\t\t<\/div>\n\t\t\t\t<\/div>\n\t\t\t\t\t<\/div>\n\t\t<\/div>\n\t\t\t\t<div class=\"elementor-column elementor-col-50 elementor-top-column elementor-element elementor-element-bd38f60\" data-id=\"bd38f60\" data-element_type=\"column\" data-e-type=\"column\" data-settings=\"{&quot;background_background&quot;:&quot;classic&quot;}\">\n\t\t\t<div class=\"elementor-widget-wrap elementor-element-populated\">\n\t\t\t\t\t\t<div class=\"elementor-element elementor-element-15b88e5 elementor-widget__width-auto elementor-widget elementor-widget-text-editor\" data-id=\"15b88e5\" data-element_type=\"widget\" data-e-type=\"widget\" data-widget_type=\"text-editor.default\">\n\t\t\t\t<div class=\"elementor-widget-container\">\n\t\t\t\t\t\t\t\t\t<p><img decoding=\"async\" class=\"alignnone size-medium wp-image-1399\" src=\"https:\/\/aikido-aidas.lt\/wp-content\/uploads\/2018\/05\/Audrone-hakama-200x300.jpg\" alt=\"\" width=\"200\" height=\"300\" srcset=\"https:\/\/aikido-aidas.lt\/wp-content\/uploads\/2018\/05\/Audrone-hakama-200x300.jpg 200w, https:\/\/aikido-aidas.lt\/wp-content\/uploads\/2018\/05\/Audrone-hakama-683x1024.jpg 683w, https:\/\/aikido-aidas.lt\/wp-content\/uploads\/2018\/05\/Audrone-hakama-768x1152.jpg 768w, https:\/\/aikido-aidas.lt\/wp-content\/uploads\/2018\/05\/Audrone-hakama-1024x1536.jpg 1024w, https:\/\/aikido-aidas.lt\/wp-content\/uploads\/2018\/05\/Audrone-hakama.jpg 1365w\" sizes=\"(max-width: 200px) 100vw, 200px\" \/><\/p>\n<p><strong>Administrator<\/strong><br \/><strong>Audron\u0117 Turskait\u0117<\/strong><br \/>Tel.: +370 60697458<br \/>Email: audrone@aikido-aidas.lt<\/p>\n\t\t\t\t\t\t\t\t<\/div>\n\t\t\t\t<\/div>\n\t\t\t\t\t<\/div>\n\t\t<\/div>\n\t\t\t\t\t<\/div>\n\t\t<\/section>\n\t\t\t\t<section class=\"elementor-section elementor-top-section elementor-element elementor-element-ecbd298 elementor-section-boxed elementor-section-height-default elementor-section-height-default\" data-id=\"ecbd298\" data-element_type=\"section\" data-e-type=\"section\">\n\t\t\t\t\t\t<div class=\"elementor-container elementor-column-gap-wide\">\n\t\t\t\t\t<div class=\"elementor-column elementor-col-100 elementor-top-column elementor-element elementor-element-7aff62f0\" data-id=\"7aff62f0\" data-element_type=\"column\" data-e-type=\"column\">\n\t\t\t<div class=\"elementor-widget-wrap elementor-element-populated\">\n\t\t\t\t\t\t<div class=\"elementor-element elementor-element-34ddf63 elementor-widget elementor-widget-text-editor\" data-id=\"34ddf63\" data-element_type=\"widget\" data-e-type=\"widget\" data-widget_type=\"text-editor.default\">\n\t\t\t\t<div class=\"elementor-widget-container\">\n\t\t\t\t\t\t\t\t\t<h3>Support for the association<\/h3>\n<p>We would like to thank everyone who supported the Aikido Association &#8220;Aidas&#8221; last year. According to the Law on Charity and Support of the Republic of Lithuania, you can decide each year how 1.2% of your income tax should be used.Applying for support is very simple: log in to the Electronic Declaration System (EDS) via online banking and fill out form FR0512 online (version 4). The system will guide you through the steps; you just need to know the form code (FR0512) and the Aido code 300956720. Thank you!!!<\/p>\n\t\t\t\t\t\t\t\t<\/div>\n\t\t\t\t<\/div>\n\t\t\t\t\t<\/div>\n\t\t<\/div>\n\t\t\t\t\t<\/div>\n\t\t<\/section>\n\t\t\t\t<section class=\"elementor-section elementor-top-section elementor-element elementor-element-1b5af54 elementor-section-boxed elementor-section-height-default elementor-section-height-default\" data-id=\"1b5af54\" data-element_type=\"section\" data-e-type=\"section\" data-settings=\"{&quot;background_background&quot;:&quot;classic&quot;}\">\n\t\t\t\t\t\t<div class=\"elementor-container elementor-column-gap-wider\">\n\t\t\t\t\t<div class=\"elementor-column elementor-col-50 elementor-top-column elementor-element elementor-element-1066180\" data-id=\"1066180\" data-element_type=\"column\" data-e-type=\"column\" data-settings=\"{&quot;background_background&quot;:&quot;classic&quot;}\">\n\t\t\t<div class=\"elementor-widget-wrap elementor-element-populated\">\n\t\t\t\t\t\t<div class=\"elementor-element elementor-element-49b2968 elementor-widget elementor-widget-text-editor\" data-id=\"49b2968\" data-element_type=\"widget\" data-e-type=\"widget\" data-widget_type=\"text-editor.default\">\n\t\t\t\t<div class=\"elementor-widget-container\">\n\t\t\t\t\t\t\t\t\t<strong>Aikido aikikai asociacija \u201cAIDAS\u201d<\/strong><br>Beneficiary code: 300956720<br>Habitat: Ukmerg\u0117s g. 226 &#8211; 41, Vilnius, LT-07161<br><br><hr style=\"background-color: #ffffff;\" \/><br><p style=\"font-style: normal; font-variant-ligatures: normal; font-variant-caps: normal; font-weight: 400; font-size: 17px; font-family: Roboto, sans-serif; text-indent: 0px;\">An account for paying for training:\r\nPaysera A.\/s.LT353500010001930188<\/p>\t\t\t\t\t\t\t\t<\/div>\n\t\t\t\t<\/div>\n\t\t\t\t\t<\/div>\n\t\t<\/div>\n\t\t\t\t<div class=\"elementor-column elementor-col-50 elementor-top-column elementor-element elementor-element-64e454d\" data-id=\"64e454d\" data-element_type=\"column\" data-e-type=\"column\" data-settings=\"{&quot;background_background&quot;:&quot;classic&quot;}\">\n\t\t\t<div class=\"elementor-widget-wrap elementor-element-populated\">\n\t\t\t\t\t\t<div class=\"elementor-element elementor-element-6b048ac elementor-widget elementor-widget-text-editor\" data-id=\"6b048ac\" data-element_type=\"widget\" data-e-type=\"widget\" data-widget_type=\"text-editor.default\">\n\t\t\t\t<div class=\"elementor-widget-container\">\n\t\t\t\t\t\t\t\t\t<ul>\n<li><strong>Account for training payments:<\/strong><br \/>\nPaysera LT353500010001930188<\/li>\n<li><strong>General association account:<\/strong><br \/>\nAB Luminor bank LT324010042403544861<\/li>\n<\/ul>\n\t\t\t\t\t\t\t\t<\/div>\n\t\t\t\t<\/div>\n\t\t\t\t\t<\/div>\n\t\t<\/div>\n\t\t\t\t\t<\/div>\n\t\t<\/section>\n\t\t\t\t<\/div>\n\t\t","protected":false},"excerpt":{"rendered":"<p>PresidentMantas Puod\u017ei\u016bnasTel.: +370 650 59777Email: info@aikido-aidas.lt AdministratorAudron\u0117 Turskait\u0117Tel.: +370 60697458Email: audrone@aikido-aidas.lt Support for the association We would like to thank everyone who supported the Aikido Association &#8220;Aidas&#8221; last year. According to the Law on Charity and Support of the Republic of Lithuania, you can decide each year how 1.2% of your income tax should be [&hellip;]<\/p>\n","protected":false},"author":3,"featured_media":0,"parent":0,"menu_order":0,"comment_status":"closed","ping_status":"closed","template":"","meta":{"footnotes":""},"class_list":["post-2665","page","type-page","status-publish","hentry"],"yoast_head":"<!-- This site is optimized with the Yoast SEO plugin v27.3 - https:\/\/yoast.com\/product\/yoast-seo-wordpress\/ -->\n<title>Contacts | Aikido School Aidas<\/title>\n<meta name=\"description\" content=\"Aikido school Aidas contact details.\" \/>\n<meta name=\"robots\" content=\"index, follow, max-snippet:-1, max-image-preview:large, max-video-preview:-1\" \/>\n<link rel=\"canonical\" href=\"https:\/\/aikido-aidas.lt\/en\/contacts\/\" \/>\n<meta property=\"og:locale\" content=\"en_US\" \/>\n<meta property=\"og:type\" content=\"article\" \/>\n<meta property=\"og:title\" content=\"Contacts | Aikido School Aidas\" \/>\n<meta property=\"og:description\" content=\"Aikido school Aidas contact details.\" \/>\n<meta property=\"og:url\" content=\"https:\/\/aikido-aidas.lt\/en\/contacts\/\" \/>\n<meta property=\"og:site_name\" content=\"Aikido School Aidas\" \/>\n<meta property=\"article:publisher\" content=\"https:\/\/www.facebook.com\/Aikido.AIDAS\" \/>\n<meta property=\"article:modified_time\" content=\"2025-11-12T08:57:41+00:00\" \/>\n<meta property=\"og:image\" content=\"https:\/\/aikido-aidas.lt\/wp-content\/uploads\/2017\/08\/5.jpg\" \/>\n<meta name=\"twitter:card\" content=\"summary_large_image\" \/>\n<script type=\"application\/ld+json\" class=\"yoast-schema-graph\">{\"@context\":\"https:\\\/\\\/schema.org\",\"@graph\":[{\"@type\":\"WebPage\",\"@id\":\"https:\\\/\\\/aikido-aidas.lt\\\/en\\\/contacts\\\/\",\"url\":\"https:\\\/\\\/aikido-aidas.lt\\\/en\\\/contacts\\\/\",\"name\":\"Contacts | Aikido School Aidas\",\"isPartOf\":{\"@id\":\"https:\\\/\\\/aikido-aidas.lt\\\/en\\\/#website\"},\"primaryImageOfPage\":{\"@id\":\"https:\\\/\\\/aikido-aidas.lt\\\/en\\\/contacts\\\/#primaryimage\"},\"image\":{\"@id\":\"https:\\\/\\\/aikido-aidas.lt\\\/en\\\/contacts\\\/#primaryimage\"},\"thumbnailUrl\":\"https:\\\/\\\/aikido-aidas.lt\\\/wp-content\\\/uploads\\\/2017\\\/08\\\/5.jpg\",\"datePublished\":\"2017-07-15T08:16:55+00:00\",\"dateModified\":\"2025-11-12T08:57:41+00:00\",\"description\":\"Aikido school Aidas contact details.\",\"breadcrumb\":{\"@id\":\"https:\\\/\\\/aikido-aidas.lt\\\/en\\\/contacts\\\/#breadcrumb\"},\"inLanguage\":\"en-US\",\"potentialAction\":[{\"@type\":\"ReadAction\",\"target\":[\"https:\\\/\\\/aikido-aidas.lt\\\/en\\\/contacts\\\/\"]}]},{\"@type\":\"ImageObject\",\"inLanguage\":\"en-US\",\"@id\":\"https:\\\/\\\/aikido-aidas.lt\\\/en\\\/contacts\\\/#primaryimage\",\"url\":\"https:\\\/\\\/aikido-aidas.lt\\\/wp-content\\\/uploads\\\/2017\\\/08\\\/5.jpg\",\"contentUrl\":\"https:\\\/\\\/aikido-aidas.lt\\\/wp-content\\\/uploads\\\/2017\\\/08\\\/5.jpg\"},{\"@type\":\"BreadcrumbList\",\"@id\":\"https:\\\/\\\/aikido-aidas.lt\\\/en\\\/contacts\\\/#breadcrumb\",\"itemListElement\":[{\"@type\":\"ListItem\",\"position\":1,\"name\":\"Home\",\"item\":\"https:\\\/\\\/aikido-aidas.lt\\\/en\\\/\"},{\"@type\":\"ListItem\",\"position\":2,\"name\":\"Contacts\"}]},{\"@type\":\"WebSite\",\"@id\":\"https:\\\/\\\/aikido-aidas.lt\\\/en\\\/#website\",\"url\":\"https:\\\/\\\/aikido-aidas.lt\\\/en\\\/\",\"name\":\"Aikido mokykla Aidas\",\"description\":\"\\\"Formation of a completely harmonious personality through intensive and deep assimilation of the technical arsenal of Aikido, cultivating a benevolent atmosphere and respect for the partner.\\\"\",\"publisher\":{\"@id\":\"https:\\\/\\\/aikido-aidas.lt\\\/en\\\/#organization\"},\"potentialAction\":[{\"@type\":\"SearchAction\",\"target\":{\"@type\":\"EntryPoint\",\"urlTemplate\":\"https:\\\/\\\/aikido-aidas.lt\\\/en\\\/?s={search_term_string}\"},\"query-input\":{\"@type\":\"PropertyValueSpecification\",\"valueRequired\":true,\"valueName\":\"search_term_string\"}}],\"inLanguage\":\"en-US\"},{\"@type\":\"Organization\",\"@id\":\"https:\\\/\\\/aikido-aidas.lt\\\/en\\\/#organization\",\"name\":\"Aikido aikikai school Aidas\",\"url\":\"https:\\\/\\\/aikido-aidas.lt\\\/en\\\/\",\"logo\":{\"@type\":\"ImageObject\",\"inLanguage\":\"en-US\",\"@id\":\"https:\\\/\\\/aikido-aidas.lt\\\/en\\\/#\\\/schema\\\/logo\\\/image\\\/\",\"url\":\"https:\\\/\\\/aikido-aidas.lt\\\/wp-content\\\/uploads\\\/2017\\\/07\\\/cropped-cropped-cropped-logo6-1-2.png\",\"contentUrl\":\"https:\\\/\\\/aikido-aidas.lt\\\/wp-content\\\/uploads\\\/2017\\\/07\\\/cropped-cropped-cropped-logo6-1-2.png\",\"width\":240,\"height\":250,\"caption\":\"Aikido aikikai school Aidas\"},\"image\":{\"@id\":\"https:\\\/\\\/aikido-aidas.lt\\\/en\\\/#\\\/schema\\\/logo\\\/image\\\/\"},\"sameAs\":[\"https:\\\/\\\/www.facebook.com\\\/Aikido.AIDAS\",\"https:\\\/\\\/www.youtube.com\\\/user\\\/aikikailt\"]}]}<\/script>\n<!-- \/ Yoast SEO plugin. -->","yoast_head_json":{"title":"Contacts | Aikido School Aidas","description":"Aikido school Aidas contact details.","robots":{"index":"index","follow":"follow","max-snippet":"max-snippet:-1","max-image-preview":"max-image-preview:large","max-video-preview":"max-video-preview:-1"},"canonical":"https:\/\/aikido-aidas.lt\/en\/contacts\/","og_locale":"en_US","og_type":"article","og_title":"Contacts | Aikido School Aidas","og_description":"Aikido school Aidas contact details.","og_url":"https:\/\/aikido-aidas.lt\/en\/contacts\/","og_site_name":"Aikido School Aidas","article_publisher":"https:\/\/www.facebook.com\/Aikido.AIDAS","article_modified_time":"2025-11-12T08:57:41+00:00","og_image":[{"url":"https:\/\/aikido-aidas.lt\/wp-content\/uploads\/2017\/08\/5.jpg","type":"","width":"","height":""}],"twitter_card":"summary_large_image","schema":{"@context":"https:\/\/schema.org","@graph":[{"@type":"WebPage","@id":"https:\/\/aikido-aidas.lt\/en\/contacts\/","url":"https:\/\/aikido-aidas.lt\/en\/contacts\/","name":"Contacts | Aikido School Aidas","isPartOf":{"@id":"https:\/\/aikido-aidas.lt\/en\/#website"},"primaryImageOfPage":{"@id":"https:\/\/aikido-aidas.lt\/en\/contacts\/#primaryimage"},"image":{"@id":"https:\/\/aikido-aidas.lt\/en\/contacts\/#primaryimage"},"thumbnailUrl":"https:\/\/aikido-aidas.lt\/wp-content\/uploads\/2017\/08\/5.jpg","datePublished":"2017-07-15T08:16:55+00:00","dateModified":"2025-11-12T08:57:41+00:00","description":"Aikido school Aidas contact details.","breadcrumb":{"@id":"https:\/\/aikido-aidas.lt\/en\/contacts\/#breadcrumb"},"inLanguage":"en-US","potentialAction":[{"@type":"ReadAction","target":["https:\/\/aikido-aidas.lt\/en\/contacts\/"]}]},{"@type":"ImageObject","inLanguage":"en-US","@id":"https:\/\/aikido-aidas.lt\/en\/contacts\/#primaryimage","url":"https:\/\/aikido-aidas.lt\/wp-content\/uploads\/2017\/08\/5.jpg","contentUrl":"https:\/\/aikido-aidas.lt\/wp-content\/uploads\/2017\/08\/5.jpg"},{"@type":"BreadcrumbList","@id":"https:\/\/aikido-aidas.lt\/en\/contacts\/#breadcrumb","itemListElement":[{"@type":"ListItem","position":1,"name":"Home","item":"https:\/\/aikido-aidas.lt\/en\/"},{"@type":"ListItem","position":2,"name":"Contacts"}]},{"@type":"WebSite","@id":"https:\/\/aikido-aidas.lt\/en\/#website","url":"https:\/\/aikido-aidas.lt\/en\/","name":"Aikido mokykla Aidas","description":"\"Formation of a completely harmonious personality through intensive and deep assimilation of the technical arsenal of Aikido, cultivating a benevolent atmosphere and respect for the partner.\"","publisher":{"@id":"https:\/\/aikido-aidas.lt\/en\/#organization"},"potentialAction":[{"@type":"SearchAction","target":{"@type":"EntryPoint","urlTemplate":"https:\/\/aikido-aidas.lt\/en\/?s={search_term_string}"},"query-input":{"@type":"PropertyValueSpecification","valueRequired":true,"valueName":"search_term_string"}}],"inLanguage":"en-US"},{"@type":"Organization","@id":"https:\/\/aikido-aidas.lt\/en\/#organization","name":"Aikido aikikai school Aidas","url":"https:\/\/aikido-aidas.lt\/en\/","logo":{"@type":"ImageObject","inLanguage":"en-US","@id":"https:\/\/aikido-aidas.lt\/en\/#\/schema\/logo\/image\/","url":"https:\/\/aikido-aidas.lt\/wp-content\/uploads\/2017\/07\/cropped-cropped-cropped-logo6-1-2.png","contentUrl":"https:\/\/aikido-aidas.lt\/wp-content\/uploads\/2017\/07\/cropped-cropped-cropped-logo6-1-2.png","width":240,"height":250,"caption":"Aikido aikikai school Aidas"},"image":{"@id":"https:\/\/aikido-aidas.lt\/en\/#\/schema\/logo\/image\/"},"sameAs":["https:\/\/www.facebook.com\/Aikido.AIDAS","https:\/\/www.youtube.com\/user\/aikikailt"]}]}},"_links":{"self":[{"href":"https:\/\/aikido-aidas.lt\/en\/wp-json\/wp\/v2\/pages\/2665","targetHints":{"allow":["GET"]}}],"collection":[{"href":"https:\/\/aikido-aidas.lt\/en\/wp-json\/wp\/v2\/pages"}],"about":[{"href":"https:\/\/aikido-aidas.lt\/en\/wp-json\/wp\/v2\/types\/page"}],"author":[{"embeddable":true,"href":"https:\/\/aikido-aidas.lt\/en\/wp-json\/wp\/v2\/users\/3"}],"replies":[{"embeddable":true,"href":"https:\/\/aikido-aidas.lt\/en\/wp-json\/wp\/v2\/comments?post=2665"}],"version-history":[{"count":13,"href":"https:\/\/aikido-aidas.lt\/en\/wp-json\/wp\/v2\/pages\/2665\/revisions"}],"predecessor-version":[{"id":4178,"href":"https:\/\/aikido-aidas.lt\/en\/wp-json\/wp\/v2\/pages\/2665\/revisions\/4178"}],"wp:attachment":[{"href":"https:\/\/aikido-aidas.lt\/en\/wp-json\/wp\/v2\/media?parent=2665"}],"curies":[{"name":"wp","href":"https:\/\/api.w.org\/{rel}","templated":true}]}}